
{"id":174,"date":"2023-02-19T01:50:07","date_gmt":"2023-02-19T00:50:07","guid":{"rendered":"https:\/\/ie.uek.krakow.pl\/ke\/?page_id=174"},"modified":"2023-06-15T12:13:54","modified_gmt":"2023-06-15T10:13:54","slug":"pracownicy-uek","status":"publish","type":"page","link":"https:\/\/ippa.uek.krakow.pl\/kpr\/pracownicy-uek\/","title":{"rendered":"Pracownicy"},"content":{"rendered":"\t\t<div data-elementor-type=\"wp-page\" data-elementor-id=\"174\" class=\"elementor elementor-174\">\n\t\t\t\t\t\t<section data-particle_enable=\"false\" data-particle-mobile-disabled=\"false\" class=\"elementor-section elementor-top-section elementor-element elementor-element-be20bad elementor-section-boxed elementor-section-height-default elementor-section-height-default\" data-id=\"be20bad\" data-element_type=\"section\" data-settings=\"{&quot;jet_parallax_layout_list&quot;:[]}\">\n\t\t\t\t\t\t<div class=\"elementor-container elementor-column-gap-default\">\n\t\t\t\t\t<div class=\"elementor-column elementor-col-100 elementor-top-column elementor-element elementor-element-c099fef\" data-id=\"c099fef\" data-element_type=\"column\">\n\t\t\t<div class=\"elementor-widget-wrap elementor-element-populated\">\n\t\t\t\t\t\t<div class=\"elementor-element elementor-element-923f8d4 elementor-widget elementor-widget-heading\" data-id=\"923f8d4\" data-element_type=\"widget\" id=\"kpii\" data-widget_type=\"heading.default\">\n\t\t\t\t<div class=\"elementor-widget-container\">\n\t\t\t<h2 class=\"elementor-heading-title elementor-size-default\">KATEDRA POLITYK REGULACYJNYCH<\/h2>\t\t<\/div>\n\t\t\t\t<\/div>\n\t\t\t\t<section data-particle_enable=\"false\" data-particle-mobile-disabled=\"false\" class=\"elementor-section elementor-inner-section elementor-element elementor-element-4f9f836 elementor-section-boxed elementor-section-height-default elementor-section-height-default\" data-id=\"4f9f836\" data-element_type=\"section\" data-settings=\"{&quot;jet_parallax_layout_list&quot;:[],&quot;background_background&quot;:&quot;classic&quot;,&quot;shape_divider_bottom&quot;:&quot;arrow&quot;,&quot;shape_divider_bottom_negative&quot;:&quot;yes&quot;}\">\n\t\t\t\t\t<div class=\"elementor-shape elementor-shape-bottom\" data-negative=\"true\">\n\t\t\t<svg xmlns=\"http:\/\/www.w3.org\/2000\/svg\" viewBox=\"0 0 700 10\" preserveAspectRatio=\"none\">\n\t<path class=\"elementor-shape-fill\" d=\"M360 0L350 9.9 340 0 0 0 0 10 700 10 700 0\"\/>\n<\/svg>\t\t<\/div>\n\t\t\t\t\t<div class=\"elementor-container elementor-column-gap-default\">\n\t\t\t\t\t<div class=\"elementor-column elementor-col-50 elementor-inner-column elementor-element elementor-element-7a9c1ea\" data-id=\"7a9c1ea\" data-element_type=\"column\">\n\t\t\t<div class=\"elementor-widget-wrap elementor-element-populated\">\n\t\t\t\t\t\t<div class=\"elementor-element elementor-element-6239586 elementor-widget elementor-widget-heading\" data-id=\"6239586\" data-element_type=\"widget\" data-widget_type=\"heading.default\">\n\t\t\t\t<div class=\"elementor-widget-container\">\n\t\t\t<h4 class=\"elementor-heading-title elementor-size-default\">Kierownik Katedry<\/h4>\t\t<\/div>\n\t\t\t\t<\/div>\n\t\t\t\t\t<\/div>\n\t\t<\/div>\n\t\t\t\t<div class=\"elementor-column elementor-col-50 elementor-inner-column elementor-element elementor-element-d1d5d6a\" data-id=\"d1d5d6a\" data-element_type=\"column\">\n\t\t\t<div class=\"elementor-widget-wrap elementor-element-populated\">\n\t\t\t\t\t\t<div class=\"elementor-element elementor-element-a114a1c elementor-widget elementor-widget-eael-post-list\" data-id=\"a114a1c\" data-element_type=\"widget\" data-widget_type=\"eael-post-list.default\">\n\t\t\t\t<div class=\"elementor-widget-container\">\n\t\t\t<div class=\"eael-post-list-container default layout-default\"><div class=\"eael-post-list-wrap\"><div class=\"eael-post-list-posts-wrap eael-post-appender eael-post-appender-a114a1c\"><div class=\"eael-post-list-post \"><div class=\"eael-post-list-thumbnail \"><a href=\"https:\/\/ippa.uek.krakow.pl\/kpr\/pracownicy\/dr-hab-ambrozy-mitus-prof-uek\/\">\n                            <img decoding=\"async\" src=\"https:\/\/ippa.uek.krakow.pl\/kpr\/wp-content\/uploads\/sites\/5\/2023\/05\/mitus-4-727x1024.jpg\" alt=\"\">\n                        <\/a><\/div><div class=\"eael-post-list-content\"><h2 class=\"eael-post-list-title\"><a href=\"https:\/\/ippa.uek.krakow.pl\/kpr\/pracownicy\/dr-hab-ambrozy-mitus-prof-uek\/\" >dr hab. Ambro\u017cy Mitu\u015b, prof. UEK<\/a><\/h2><\/div><\/div><\/div><\/div>\n\t\t<\/div>\t\t<\/div>\n\t\t\t\t<\/div>\n\t\t\t\t\t<\/div>\n\t\t<\/div>\n\t\t\t\t\t<\/div>\n\t\t<\/section>\n\t\t\t\t<div class=\"elementor-element elementor-element-3b905d0 elementor-widget elementor-widget-eael-post-list\" data-id=\"3b905d0\" data-element_type=\"widget\" data-widget_type=\"eael-post-list.default\">\n\t\t\t\t<div class=\"elementor-widget-container\">\n\t\t\t<div class=\"eael-post-list-container default layout-default\"><div class=\"eael-post-list-wrap\"><div class=\"eael-post-list-posts-wrap eael-post-appender eael-post-appender-3b905d0\"><div class=\"eael-post-list-post \"><div class=\"eael-post-list-thumbnail \"><a href=\"https:\/\/ippa.uek.krakow.pl\/kpr\/pracownicy\/prof-dr-hab-andrzej-piasecki\/\">\n                            <img decoding=\"async\" src=\"https:\/\/ippa.uek.krakow.pl\/kpr\/wp-content\/uploads\/sites\/5\/2023\/05\/p2-scaled.jpg\" alt=\"\">\n                        <\/a><\/div><div class=\"eael-post-list-content\"><h2 class=\"eael-post-list-title\"><a href=\"https:\/\/ippa.uek.krakow.pl\/kpr\/pracownicy\/prof-dr-hab-andrzej-piasecki\/\" >prof. dr hab. Andrzej Piasecki<\/a><\/h2><\/div><\/div><div class=\"eael-post-list-post eael-empty-thumbnail\"><div class=\"eael-post-list-thumbnail eael-empty-thumbnail\"><\/div><div class=\"eael-post-list-content\"><h2 class=\"eael-post-list-title\"><a href=\"https:\/\/ippa.uek.krakow.pl\/kpr\/pracownicy\/dr-hab-magdalena-franczuk-prof-uek\/\" >dr hab. Magdalena Fra\u0144czuk, prof. UEK<\/a><\/h2><\/div><\/div><div class=\"eael-post-list-post \"><div class=\"eael-post-list-thumbnail \"><a href=\"https:\/\/ippa.uek.krakow.pl\/kpr\/pracownicy\/dr-hab-filip-grzegorczyk-prof-uek\/\">\n                            <img decoding=\"async\" src=\"https:\/\/ippa.uek.krakow.pl\/kpr\/wp-content\/uploads\/sites\/5\/2025\/12\/Grzegorczyk1.jpg\" alt=\"\">\n                        <\/a><\/div><div class=\"eael-post-list-content\"><h2 class=\"eael-post-list-title\"><a href=\"https:\/\/ippa.uek.krakow.pl\/kpr\/pracownicy\/dr-hab-filip-grzegorczyk-prof-uek\/\" >dr hab. Filip Grzegorczyk, prof. UEK<\/a><\/h2><\/div><\/div><div class=\"eael-post-list-post \"><div class=\"eael-post-list-thumbnail \"><a href=\"https:\/\/ippa.uek.krakow.pl\/kpr\/pracownicy\/dr-hab-aldona-piotrowska-prof-uek\/\">\n                            <img decoding=\"async\" src=\"https:\/\/ippa.uek.krakow.pl\/kpr\/wp-content\/uploads\/sites\/5\/2023\/05\/Aldona-Piotrowska-zdjecie.png\" alt=\"\">\n                        <\/a><\/div><div class=\"eael-post-list-content\"><h2 class=\"eael-post-list-title\"><a href=\"https:\/\/ippa.uek.krakow.pl\/kpr\/pracownicy\/dr-hab-aldona-piotrowska-prof-uek\/\" >dr hab. Aldona Piotrowska, prof. UEK<\/a><\/h2><\/div><\/div><div class=\"eael-post-list-post \"><div class=\"eael-post-list-thumbnail \"><a href=\"https:\/\/ippa.uek.krakow.pl\/kpr\/pracownicy\/dr-hab-igor-zachariasz-prof-uek\/\">\n                            <img decoding=\"async\" src=\"https:\/\/ippa.uek.krakow.pl\/kpr\/wp-content\/uploads\/sites\/5\/2023\/05\/zachariasz-167x250-1.jpg\" alt=\"\">\n                        <\/a><\/div><div class=\"eael-post-list-content\"><h2 class=\"eael-post-list-title\"><a href=\"https:\/\/ippa.uek.krakow.pl\/kpr\/pracownicy\/dr-hab-igor-zachariasz-prof-uek\/\" >dr hab. Igor Zachariasz, prof. UEK<\/a><\/h2><\/div><\/div><div class=\"eael-post-list-post eael-empty-thumbnail\"><div class=\"eael-post-list-thumbnail eael-empty-thumbnail\"><\/div><div class=\"eael-post-list-content\"><h2 class=\"eael-post-list-title\"><a href=\"https:\/\/ippa.uek.krakow.pl\/kpr\/pracownicy\/dr-kamil-dobosz\/\" >dr Kamil Dobosz<\/a><\/h2><\/div><\/div><div class=\"eael-post-list-post \"><div class=\"eael-post-list-thumbnail \"><a href=\"https:\/\/ippa.uek.krakow.pl\/kpr\/pracownicy\/dr-adam-drozdek\/\">\n                            <img decoding=\"async\" src=\"https:\/\/ippa.uek.krakow.pl\/kpr\/wp-content\/uploads\/sites\/5\/2023\/05\/Adam-Drozdek-167x250-1.jpg\" alt=\"\">\n                        <\/a><\/div><div class=\"eael-post-list-content\"><h2 class=\"eael-post-list-title\"><a href=\"https:\/\/ippa.uek.krakow.pl\/kpr\/pracownicy\/dr-adam-drozdek\/\" >dr Adam Drozdek<\/a><\/h2><\/div><\/div><div class=\"eael-post-list-post \"><div class=\"eael-post-list-thumbnail \"><a href=\"https:\/\/ippa.uek.krakow.pl\/kpr\/pracownicy\/dr-marcin-grzybowski\/\">\n                            <img decoding=\"async\" src=\"https:\/\/ippa.uek.krakow.pl\/kpr\/wp-content\/uploads\/sites\/5\/2023\/05\/M.Grzybowski-167x250-1.jpg\" alt=\"\">\n                        <\/a><\/div><div class=\"eael-post-list-content\"><h2 class=\"eael-post-list-title\"><a href=\"https:\/\/ippa.uek.krakow.pl\/kpr\/pracownicy\/dr-marcin-grzybowski\/\" >dr Marcin Grzybowski<\/a><\/h2><\/div><\/div><div class=\"eael-post-list-post eael-empty-thumbnail\"><div class=\"eael-post-list-thumbnail eael-empty-thumbnail\"><\/div><div class=\"eael-post-list-content\"><h2 class=\"eael-post-list-title\"><a href=\"https:\/\/ippa.uek.krakow.pl\/kpr\/pracownicy\/dr-grzegorz-mis\/\" >dr Grzegorz Mi\u015b<\/a><\/h2><\/div><\/div><div class=\"eael-post-list-post eael-empty-thumbnail\"><div class=\"eael-post-list-thumbnail eael-empty-thumbnail\"><\/div><div class=\"eael-post-list-content\"><h2 class=\"eael-post-list-title\"><a href=\"https:\/\/ippa.uek.krakow.pl\/kpr\/pracownicy\/dr-jakub-olech\/\" >dr Jakub Olech<\/a><\/h2><\/div><\/div><\/div><\/div>\n\t\t<\/div>\t\t<\/div>\n\t\t\t\t<\/div>\n\t\t\t\t\t<\/div>\n\t\t<\/div>\n\t\t\t\t\t<\/div>\n\t\t<\/section>\n\t\t\t\t<\/div>\n\t\t","protected":false},"excerpt":{"rendered":"<p>\/*! elementor &#8211; v3.13.3 &#8211; 28-05-2023 *\/ .elementor-heading-title{padding:0;margin:0;line-height:1}.elementor-widget-heading .elementor-heading-title[class*=elementor-size-]&gt;a{color:inherit;font-size:inherit;line-height:inherit}.elementor-widget-heading .elementor-heading-title.elementor-size-small{font-size:15px}.elementor-widget-heading .elementor-heading-title.elementor-size-medium{font-size:19px}.elementor-widget-heading .elementor-heading-title.elementor-size-large{font-size:29px}.elementor-widget-heading .elementor-heading-title.elementor-size-xl{font-size:39px}.elementor-widget-heading .elementor-heading-title.elementor-size-xxl{font-size:59px} KATEDRA POLITYK REGULACYJNYCH Kierownik Katedry dr hab. Ambro\u017cy Mitu\u015b, prof. UEK PROF. DR HAB. ANDRZEJ PIASECKI dr Jakub Olech dr Grzegorz Mi\u015b dr Marcin Grzybowski dr Adam Drozdek dr Kamil Dobosz dr hab. Igor Zachariasz, prof. UEK dr hab. Aldona Piotrowska, prof. UEK dr hab. Filip Grzegorczyk, prof. UEK dr hab. Magdalena Fra\u0144czuk, prof. UEK<\/p>\n","protected":false},"author":1,"featured_media":0,"parent":0,"menu_order":0,"comment_status":"closed","ping_status":"closed","template":"elementor_header_footer","meta":{"footnotes":""},"class_list":["post-174","page","type-page","status-publish","hentry"],"_links":{"self":[{"href":"https:\/\/ippa.uek.krakow.pl\/kpr\/wp-json\/wp\/v2\/pages\/174"}],"collection":[{"href":"https:\/\/ippa.uek.krakow.pl\/kpr\/wp-json\/wp\/v2\/pages"}],"about":[{"href":"https:\/\/ippa.uek.krakow.pl\/kpr\/wp-json\/wp\/v2\/types\/page"}],"author":[{"embeddable":true,"href":"https:\/\/ippa.uek.krakow.pl\/kpr\/wp-json\/wp\/v2\/users\/1"}],"replies":[{"embeddable":true,"href":"https:\/\/ippa.uek.krakow.pl\/kpr\/wp-json\/wp\/v2\/comments?post=174"}],"version-history":[{"count":6,"href":"https:\/\/ippa.uek.krakow.pl\/kpr\/wp-json\/wp\/v2\/pages\/174\/revisions"}],"predecessor-version":[{"id":1810,"href":"https:\/\/ippa.uek.krakow.pl\/kpr\/wp-json\/wp\/v2\/pages\/174\/revisions\/1810"}],"wp:attachment":[{"href":"https:\/\/ippa.uek.krakow.pl\/kpr\/wp-json\/wp\/v2\/media?parent=174"}],"curies":[{"name":"wp","href":"https:\/\/api.w.org\/{rel}","templated":true}]}}