
{"id":2751,"date":"2024-03-19T15:06:58","date_gmt":"2024-03-19T14:06:58","guid":{"rendered":"https:\/\/ippa.uek.krakow.pl\/kpp\/?page_id=2751"},"modified":"2024-03-19T15:46:23","modified_gmt":"2024-03-19T14:46:23","slug":"radio-krakow","status":"publish","type":"page","link":"https:\/\/ippa.uek.krakow.pl\/kpp\/o-katedrze\/radio-krakow\/","title":{"rendered":"Radio Krak\u00f3w"},"content":{"rendered":"\t\t<div data-elementor-type=\"wp-page\" data-elementor-id=\"2751\" class=\"elementor elementor-2751\">\n\t\t\t\t\t\t<section data-particle_enable=\"false\" data-particle-mobile-disabled=\"false\" class=\"elementor-section elementor-top-section elementor-element elementor-element-2e269a0 elementor-section-boxed elementor-section-height-default elementor-section-height-default\" data-id=\"2e269a0\" data-element_type=\"section\" data-settings=\"{&quot;jet_parallax_layout_list&quot;:[]}\">\n\t\t\t\t\t\t<div class=\"elementor-container elementor-column-gap-default\">\n\t\t\t\t\t<div class=\"elementor-column elementor-col-100 elementor-top-column elementor-element elementor-element-2a2305c\" data-id=\"2a2305c\" data-element_type=\"column\">\n\t\t\t<div class=\"elementor-widget-wrap elementor-element-populated\">\n\t\t\t\t\t\t<div class=\"elementor-element elementor-element-9a7c71c elementor-widget elementor-widget-text-editor\" data-id=\"9a7c71c\" data-element_type=\"widget\" data-widget_type=\"text-editor.default\">\n\t\t\t\t<div class=\"elementor-widget-container\">\n\t\t\t\t\t\t\t<p>Udzia\u0142 w Radiu Krak\u00f3w jest jedn\u0105 z form wsp\u00f3\u0142pracy naszego \u015brodowiska z zewn\u0119trznymi podmiotami.\u00a0<\/p><p>W ramach audycji pt. &#8222;O tym si\u0119 m\u00f3wi&#8221; pracownicy naszej katedry (a tak\u017ce zaproszeni go\u015bcie) rozmawiaj\u0105 na r\u00f3\u017cne tematy zwi\u0105zane ze \u015bwiatem, gospodark\u0105, polityk\u0105, cz\u0142owiekiem itp.\u00a0<\/p><p>Co \u015brod\u0119 na antenie Radia Krak\u00f3w mo\u017cna wys\u0142ucha\u0107 ciekawych audycji.\u00a0 Zapraszamy do \u015bledzenia naszego kana\u0142u na You Tube <a href=\"https:\/\/www.youtube.com\/@StrefaGAP\/videos\">StrefaGAP<\/a>.<\/p><p>B\u0105d\u017a na bie\u017c\u0105co!<\/p>\t\t\t\t\t\t<\/div>\n\t\t\t\t<\/div>\n\t\t\t\t\t<\/div>\n\t\t<\/div>\n\t\t\t\t\t<\/div>\n\t\t<\/section>\n\t\t\t\t<\/div>\n\t\t","protected":false},"excerpt":{"rendered":"<p>Udzia\u0142 w Radiu Krak\u00f3w jest jedn\u0105 z form wsp\u00f3\u0142pracy naszego \u015brodowiska z zewn\u0119trznymi podmiotami.\u00a0 W ramach audycji pt. &#8222;O tym si\u0119 m\u00f3wi&#8221; pracownicy naszej katedry (a tak\u017ce zaproszeni go\u015bcie) rozmawiaj\u0105 na r\u00f3\u017cne tematy zwi\u0105zane ze \u015bwiatem, gospodark\u0105, polityk\u0105, cz\u0142owiekiem itp.\u00a0 Co \u015brod\u0119 na antenie Radia Krak\u00f3w mo\u017cna wys\u0142ucha\u0107 ciekawych audycji.\u00a0 Zapraszamy do \u015bledzenia naszego kana\u0142u na You Tube StrefaGAP. B\u0105d\u017a na bie\u017c\u0105co!<\/p>\n","protected":false},"author":14,"featured_media":0,"parent":88,"menu_order":0,"comment_status":"closed","ping_status":"closed","template":"elementor_header_footer","meta":{"footnotes":""},"class_list":["post-2751","page","type-page","status-publish","hentry"],"_links":{"self":[{"href":"https:\/\/ippa.uek.krakow.pl\/kpp\/wp-json\/wp\/v2\/pages\/2751"}],"collection":[{"href":"https:\/\/ippa.uek.krakow.pl\/kpp\/wp-json\/wp\/v2\/pages"}],"about":[{"href":"https:\/\/ippa.uek.krakow.pl\/kpp\/wp-json\/wp\/v2\/types\/page"}],"author":[{"embeddable":true,"href":"https:\/\/ippa.uek.krakow.pl\/kpp\/wp-json\/wp\/v2\/users\/14"}],"replies":[{"embeddable":true,"href":"https:\/\/ippa.uek.krakow.pl\/kpp\/wp-json\/wp\/v2\/comments?post=2751"}],"version-history":[{"count":7,"href":"https:\/\/ippa.uek.krakow.pl\/kpp\/wp-json\/wp\/v2\/pages\/2751\/revisions"}],"predecessor-version":[{"id":2765,"href":"https:\/\/ippa.uek.krakow.pl\/kpp\/wp-json\/wp\/v2\/pages\/2751\/revisions\/2765"}],"up":[{"embeddable":true,"href":"https:\/\/ippa.uek.krakow.pl\/kpp\/wp-json\/wp\/v2\/pages\/88"}],"wp:attachment":[{"href":"https:\/\/ippa.uek.krakow.pl\/kpp\/wp-json\/wp\/v2\/media?parent=2751"}],"curies":[{"name":"wp","href":"https:\/\/api.w.org\/{rel}","templated":true}]}}