
{"id":2591,"date":"2023-09-22T14:49:34","date_gmt":"2023-09-22T12:49:34","guid":{"rendered":"https:\/\/ippa.uek.krakow.pl\/kpp\/?page_id=2591"},"modified":"2023-09-22T14:55:38","modified_gmt":"2023-09-22T12:55:38","slug":"konferencje-2023","status":"publish","type":"page","link":"https:\/\/ippa.uek.krakow.pl\/kpp\/konferencje-2023\/","title":{"rendered":"Konferencje 2023"},"content":{"rendered":"\t\t<div data-elementor-type=\"wp-page\" data-elementor-id=\"2591\" class=\"elementor elementor-2591\">\n\t\t\t\t\t\t<section data-particle_enable=\"false\" data-particle-mobile-disabled=\"false\" class=\"elementor-section elementor-top-section elementor-element elementor-element-d1a6190 elementor-section-boxed elementor-section-height-default elementor-section-height-default\" data-id=\"d1a6190\" data-element_type=\"section\" data-settings=\"{&quot;jet_parallax_layout_list&quot;:[]}\">\n\t\t\t\t\t\t<div class=\"elementor-container elementor-column-gap-default\">\n\t\t\t\t\t<div class=\"elementor-column elementor-col-100 elementor-top-column elementor-element elementor-element-23e8bd2\" data-id=\"23e8bd2\" data-element_type=\"column\">\n\t\t\t<div class=\"elementor-widget-wrap elementor-element-populated\">\n\t\t\t\t\t\t<div class=\"elementor-element elementor-element-79244a5 elementor-widget elementor-widget-text-editor\" data-id=\"79244a5\" data-element_type=\"widget\" data-widget_type=\"text-editor.default\">\n\t\t\t\t<div class=\"elementor-widget-container\">\n\t\t\t\t\t\t\t<p><strong>II Kongres Polskiej Sieci Ekonomii &#8222;Regeneracja!&#8221;<\/strong><\/p><p><span style=\"text-decoration: underline\">uczestnik:<\/span> dr Micha\u0142 Mo\u017cd\u017ce\u0144<\/p><p><span style=\"text-decoration: underline\">data i miejsce:<\/span> 1.09.2023 r., Warszawa<\/p><p><span style=\"text-decoration: underline\">aktywno\u015b\u0107:<\/span> moderacja sesji pt. &#8222;Ekonomia polityczna Regeneracji. Mi\u0119dzy nauk\u0105 i aktywizmem w obliczu polikryzysu.&#8221;<\/p><p>\u00a0<\/p><p><strong>XIX og\u00f3lnopolski zjazd ekonomist\u00f3w<\/strong><\/p><p><span style=\"text-decoration: underline\">uczestnik:<\/span> dr Micha\u0142 Mo\u017cd\u017ce\u0144<\/p><p><span style=\"text-decoration: underline\">data i miejsce:<\/span> 4-7.06.2023 r., Mi\u0119dzyzdroje<\/p><p><span style=\"text-decoration: underline\">aktywno\u015b\u0107:<\/span> Wyst\u0105pienie pt. &#8222;Nowy re\u017cim wzrostu w Europie \u015arodkowo-wschodniej? Strukturalne podej\u015bcie do rynk\u00f3w pracy zale\u017cnych gospodarek rynkowych&#8221; wsp\u00f3lnie z dr Maciejem Grodzickim z UJ<\/p><p>\u00a0<\/p><p><strong>Were national response measures to the energy crisis social and climate-friendly?<\/strong><\/p><p><span style=\"text-decoration: underline\">uczestnik:<\/span> dr Micha\u0142 Mo\u017cd\u017ce\u0144<\/p><p><span style=\"text-decoration: underline\">data i miejsce:<\/span> 11.05.2023 r, Bruksela<\/p><p><span style=\"text-decoration: underline\">aktywno\u015b\u0107:<\/span> Wyst\u0105pienie pt. &#8222;Poland: From tax reduction to tariff controls and subsidies&#8221;, wsp\u00f3lnie z dr Maciejem Grodzickim z UJ<\/p>\t\t\t\t\t\t<\/div>\n\t\t\t\t<\/div>\n\t\t\t\t\t<\/div>\n\t\t<\/div>\n\t\t\t\t\t<\/div>\n\t\t<\/section>\n\t\t\t\t<\/div>\n\t\t","protected":false},"excerpt":{"rendered":"<p>II Kongres Polskiej Sieci Ekonomii &#8222;Regeneracja!&#8221; uczestnik: dr Micha\u0142 Mo\u017cd\u017ce\u0144 data i miejsce: 1.09.2023 r., Warszawa aktywno\u015b\u0107: moderacja sesji pt. &#8222;Ekonomia polityczna Regeneracji. Mi\u0119dzy nauk\u0105 i aktywizmem w obliczu polikryzysu.&#8221; \u00a0 XIX og\u00f3lnopolski zjazd ekonomist\u00f3w uczestnik: dr Micha\u0142 Mo\u017cd\u017ce\u0144 data i miejsce: 4-7.06.2023 r., Mi\u0119dzyzdroje aktywno\u015b\u0107: Wyst\u0105pienie pt. &#8222;Nowy re\u017cim wzrostu w Europie \u015arodkowo-wschodniej? Strukturalne podej\u015bcie do rynk\u00f3w pracy zale\u017cnych gospodarek rynkowych&#8221; wsp\u00f3lnie z dr Maciejem Grodzickim z UJ \u00a0 Were national response measures to the energy crisis social and climate-friendly? uczestnik: dr Micha\u0142 Mo\u017cd\u017ce\u0144 data i miejsce: 11.05.2023 r, Bruksela aktywno\u015b\u0107: Wyst\u0105pienie pt. &#8222;Poland: From tax reduction to tariff controls and subsidies&#8221;, wsp\u00f3lnie z dr Maciejem Grodzickim z UJ<\/p>\n","protected":false},"author":14,"featured_media":0,"parent":0,"menu_order":0,"comment_status":"closed","ping_status":"closed","template":"elementor_header_footer","meta":{"footnotes":""},"class_list":["post-2591","page","type-page","status-publish","hentry"],"_links":{"self":[{"href":"https:\/\/ippa.uek.krakow.pl\/kpp\/wp-json\/wp\/v2\/pages\/2591"}],"collection":[{"href":"https:\/\/ippa.uek.krakow.pl\/kpp\/wp-json\/wp\/v2\/pages"}],"about":[{"href":"https:\/\/ippa.uek.krakow.pl\/kpp\/wp-json\/wp\/v2\/types\/page"}],"author":[{"embeddable":true,"href":"https:\/\/ippa.uek.krakow.pl\/kpp\/wp-json\/wp\/v2\/users\/14"}],"replies":[{"embeddable":true,"href":"https:\/\/ippa.uek.krakow.pl\/kpp\/wp-json\/wp\/v2\/comments?post=2591"}],"version-history":[{"count":4,"href":"https:\/\/ippa.uek.krakow.pl\/kpp\/wp-json\/wp\/v2\/pages\/2591\/revisions"}],"predecessor-version":[{"id":2598,"href":"https:\/\/ippa.uek.krakow.pl\/kpp\/wp-json\/wp\/v2\/pages\/2591\/revisions\/2598"}],"wp:attachment":[{"href":"https:\/\/ippa.uek.krakow.pl\/kpp\/wp-json\/wp\/v2\/media?parent=2591"}],"curies":[{"name":"wp","href":"https:\/\/api.w.org\/{rel}","templated":true}]}}