
{"id":2576,"date":"2023-09-22T13:23:05","date_gmt":"2023-09-22T11:23:05","guid":{"rendered":"https:\/\/ippa.uek.krakow.pl\/kpp\/?page_id=2576"},"modified":"2023-10-04T09:25:36","modified_gmt":"2023-10-04T07:25:36","slug":"konferencje-2022","status":"publish","type":"page","link":"https:\/\/ippa.uek.krakow.pl\/kpp\/konferencje-2022\/","title":{"rendered":"Konferencje 2022"},"content":{"rendered":"\t\t<div data-elementor-type=\"wp-page\" data-elementor-id=\"2576\" class=\"elementor elementor-2576\">\n\t\t\t\t\t\t<section data-particle_enable=\"false\" data-particle-mobile-disabled=\"false\" class=\"elementor-section elementor-top-section elementor-element elementor-element-d1a6190 elementor-section-boxed elementor-section-height-default elementor-section-height-default\" data-id=\"d1a6190\" data-element_type=\"section\" data-settings=\"{&quot;jet_parallax_layout_list&quot;:[]}\">\n\t\t\t\t\t\t<div class=\"elementor-container elementor-column-gap-default\">\n\t\t\t\t\t<div class=\"elementor-column elementor-col-100 elementor-top-column elementor-element elementor-element-23e8bd2\" data-id=\"23e8bd2\" data-element_type=\"column\">\n\t\t\t<div class=\"elementor-widget-wrap elementor-element-populated\">\n\t\t\t\t\t\t<div class=\"elementor-element elementor-element-79244a5 elementor-widget elementor-widget-text-editor\" data-id=\"79244a5\" data-element_type=\"widget\" data-widget_type=\"text-editor.default\">\n\t\t\t\t<div class=\"elementor-widget-container\">\n\t\t\t\t\t\t\t<p><strong>53. Sympozjum Wsp\u00f3\u0142czesna Gospodarka i Administracja Publiczna<\/strong><\/p><p><span style=\"text-decoration: underline\">uczestnik:\u00a0<\/span>dr Maciej Fr\u0105czek<\/p><p><span style=\"text-decoration: underline\">data i miejsce: <\/span>15.05.2022 r. Ustro\u0144<\/p><p><span style=\"text-decoration: underline\">aktywno\u015b\u0107:<\/span> moderacja panelu dyskusyjnego pt. &#8222;Niepe\u0142nosprawno\u015b\u0107 na rynku pracy&#8221;<\/p><p>\u00a0<\/p><p><strong>Word Urban Forum<\/strong><\/p><p><span style=\"text-decoration: underline\">uczestnik:\u00a0<\/span> dr Micha\u0142 Kud\u0142acz<\/p><p><span style=\"text-decoration: underline\">data i miejsce:\u00a0<\/span> 28.06.2022, Katowice<\/p><p><span style=\"text-decoration: underline\">aktywno\u015b\u0107: <\/span>\u00a0udzia\u0142 w panelu dyskusyjnym Economy of a Water City\u00a0<\/p><p><span style=\"text-decoration: underline\">\u00a0<\/span><\/p><p><strong>The 34th Annual EAEPE Conference 2022 Tackling inequalities: New paradigms in policy and technology for a just transition and vaccine equity<\/strong><\/p><p><span style=\"text-decoration: underline\">uczestnik:\u00a0<\/span> dr Micha\u0142 Mo\u017cd\u017ce\u0144<\/p><p><span style=\"text-decoration: underline\">data i miejsce:\u00a0<\/span> 7-9.09.2022 r., Neapol<\/p><p><span style=\"text-decoration: underline\">aktywno\u015b\u0107: w<\/span>yst\u0105pienie pt. &#8222;Utilizing the Physical Internet framework to reduce CO2 emissions from passenger air transport in Europe \u2013 a concept&#8221; wsp\u00f3lnie z dr Mari\u0105 Matusiewicz z Uniwersytetu Gda\u0144skiego<\/p><p>\u00a0<\/p><p>\u00a0<\/p><p><strong>Mechanisms of Collective Action Management (3.2)<\/strong><\/p><p><span style=\"text-decoration: underline\">uczestnik:<\/span> dr Micha\u0142 Mo\u017cd\u017ce\u0144<\/p><p><span style=\"text-decoration: underline\">data i miejsce:<\/span> 21.09.2022 r., Krak\u00f3w (UEK)<\/p><p><span style=\"text-decoration: underline\">aktywno\u015b\u0107:<\/span> moderacja sesji pt. &#8222;The Key challenges of technological revolution for public governance&#8221;<\/p><p>\u00a0<\/p><p>\u00a0<\/p><p><strong>Mechanisms of Collective Action Management (3.2)<\/strong><\/p><p><span style=\"text-decoration: underline\">uczestnik<\/span>: dr Maciej Fr\u0105czek<\/p><p><span style=\"text-decoration: underline\">data i miejsce<\/span>: 21.09.2022r. Krak\u00f3w (UEK)<\/p><p><span style=\"text-decoration: underline\">aktywno\u015b\u0107:<\/span> moderacja sesji pt. &#8222;Data is the new oil\u201d \u2013 data management in semi\u2012peripheral countries&#8221;<\/p><p>\u00a0<\/p><p>\u00a0<\/p><p><strong>26th FMM Conference 2022 Post-Keynesian Economics and Global Challenges<\/strong><\/p><p><span style=\"text-decoration: underline\">uczestnik<\/span>: dr Micha\u0142 Mo\u017cd\u017ce\u0144<\/p><p><span style=\"text-decoration: underline\">data i miejsce:<\/span> 20-22.10.2022 r., Berlin\u00a0<\/p><p><span style=\"text-decoration: underline\">aktywno\u015b\u0107:<\/span> wyst\u0105pienie pt. &#8222;GFC and regime shift in Central and Eastern Europe? Structural approach to labour markets of dependent market economies&#8221; wsp\u00f3lnie z dr Maciejem Grodzickim z UJ<\/p><p>\u00a0<\/p><p>\u00a0<\/p><p><strong>Regional development between theory and practice 2023<\/strong><\/p><p><span style=\"text-decoration: underline\">uczestnik<\/span>: dr Micha\u0142 Kud\u0142acz<\/p><p><span style=\"text-decoration: underline\">data i miejsce:<\/span> 22.10.2022, Praga<\/p><p><span style=\"text-decoration: underline\">aktywno\u015b\u0107:<\/span> The challenges of post \u2013 pandemic tourism development. Case of Krakow\u00a0<\/p><p>\u00a0<\/p><p>\u00a0<\/p><p><strong>Open Eyes Economy Summit\u00a0<\/strong><\/p><p><span style=\"text-decoration: underline\">uczestnik<\/span>: dr Bart\u0142omiej Biga<\/p><p><span style=\"text-decoration: underline\">data i miejsce:<\/span> 11.2022 r., Krak\u00f3w<\/p><p><span style=\"text-decoration: underline\">aktywno\u015b\u0107:<\/span> prezentacja &#8222;Indeksu wiarygodno\u015bci ekonomicznej Polski&#8221;<\/p><p>\u00a0<\/p><p>\u00a0<\/p><p><strong>Open Eyes Economy Summit\u00a0<\/strong><\/p><p><span style=\"text-decoration: underline\">uczestnik<\/span>: dr Micha\u0142 Kud\u0142acz<\/p><p><span style=\"text-decoration: underline\">data i miejsce:<\/span> 11.2022 r., Krak\u00f3w<\/p><p><span style=\"text-decoration: underline\">aktywno\u015b\u0107:<\/span> Climate education &#8211; udzia\u0142 w panelu dyskusyjnym<\/p>\t\t\t\t\t\t<\/div>\n\t\t\t\t<\/div>\n\t\t\t\t\t<\/div>\n\t\t<\/div>\n\t\t\t\t\t<\/div>\n\t\t<\/section>\n\t\t\t\t<\/div>\n\t\t","protected":false},"excerpt":{"rendered":"<p>53. Sympozjum Wsp\u00f3\u0142czesna Gospodarka i Administracja Publiczna uczestnik:\u00a0dr Maciej Fr\u0105czek data i miejsce: 15.05.2022 r. Ustro\u0144 aktywno\u015b\u0107: moderacja panelu dyskusyjnego pt. &#8222;Niepe\u0142nosprawno\u015b\u0107 na rynku pracy&#8221; \u00a0 Word Urban Forum uczestnik:\u00a0 dr Micha\u0142 Kud\u0142acz data i miejsce:\u00a0 28.06.2022, Katowice aktywno\u015b\u0107: \u00a0udzia\u0142 w panelu dyskusyjnym Economy of a Water City\u00a0 \u00a0 The 34th Annual EAEPE Conference 2022 Tackling inequalities: New paradigms in policy and technology for a just transition and vaccine equity uczestnik:\u00a0 dr Micha\u0142 Mo\u017cd\u017ce\u0144 data i miejsce:\u00a0 7-9.09.2022 r., Neapol aktywno\u015b\u0107: wyst\u0105pienie pt. &#8222;Utilizing the Physical Internet framework to reduce CO2 emissions from passenger air transport in Europe \u2013 a concept&#8221; wsp\u00f3lnie z dr Mari\u0105 Matusiewicz z Uniwersytetu Gda\u0144skiego \u00a0 \u00a0 Mechanisms of Collective Action Management (3.2) uczestnik: dr Micha\u0142 Mo\u017cd\u017ce\u0144 data i miejsce: 21.09.2022 r., Krak\u00f3w (UEK) aktywno\u015b\u0107: moderacja sesji pt. &#8222;The Key challenges of technological revolution for public governance&#8221; \u00a0 \u00a0 Mechanisms of Collective Action Management (3.2) uczestnik: dr Maciej Fr\u0105czek data i miejsce: 21.09.2022r. Krak\u00f3w (UEK) aktywno\u015b\u0107: moderacja sesji pt. &#8222;Data is the new oil\u201d \u2013 data management in semi\u2012peripheral countries&#8221; \u00a0 \u00a0 26th FMM Conference 2022 Post-Keynesian Economics and Global Challenges uczestnik: dr Micha\u0142 Mo\u017cd\u017ce\u0144 data i miejsce: 20-22.10.2022 r., Berlin\u00a0 aktywno\u015b\u0107: wyst\u0105pienie pt. &#8222;GFC and regime shift in Central and Eastern Europe? Structural approach to labour markets of dependent market economies&#8221; wsp\u00f3lnie z dr Maciejem Grodzickim z UJ \u00a0 \u00a0 Regional development between theory and practice 2023 uczestnik: dr Micha\u0142 Kud\u0142acz data i miejsce: 22.10.2022, Praga aktywno\u015b\u0107: The challenges of post \u2013 pandemic tourism development. Case of Krakow\u00a0 \u00a0 \u00a0 Open Eyes Economy Summit\u00a0 uczestnik: dr Bart\u0142omiej Biga data i miejsce: 11.2022 r., Krak\u00f3w aktywno\u015b\u0107: prezentacja &#8222;Indeksu wiarygodno\u015bci ekonomicznej Polski&#8221; \u00a0 \u00a0 Open Eyes Economy Summit\u00a0 uczestnik: dr Micha\u0142 Kud\u0142acz data i miejsce: 11.2022 r., Krak\u00f3w aktywno\u015b\u0107: Climate education &#8211; udzia\u0142 w panelu dyskusyjnym<\/p>\n","protected":false},"author":14,"featured_media":0,"parent":0,"menu_order":0,"comment_status":"closed","ping_status":"closed","template":"elementor_header_footer","meta":{"footnotes":""},"class_list":["post-2576","page","type-page","status-publish","hentry"],"_links":{"self":[{"href":"https:\/\/ippa.uek.krakow.pl\/kpp\/wp-json\/wp\/v2\/pages\/2576"}],"collection":[{"href":"https:\/\/ippa.uek.krakow.pl\/kpp\/wp-json\/wp\/v2\/pages"}],"about":[{"href":"https:\/\/ippa.uek.krakow.pl\/kpp\/wp-json\/wp\/v2\/types\/page"}],"author":[{"embeddable":true,"href":"https:\/\/ippa.uek.krakow.pl\/kpp\/wp-json\/wp\/v2\/users\/14"}],"replies":[{"embeddable":true,"href":"https:\/\/ippa.uek.krakow.pl\/kpp\/wp-json\/wp\/v2\/comments?post=2576"}],"version-history":[{"count":13,"href":"https:\/\/ippa.uek.krakow.pl\/kpp\/wp-json\/wp\/v2\/pages\/2576\/revisions"}],"predecessor-version":[{"id":2625,"href":"https:\/\/ippa.uek.krakow.pl\/kpp\/wp-json\/wp\/v2\/pages\/2576\/revisions\/2625"}],"wp:attachment":[{"href":"https:\/\/ippa.uek.krakow.pl\/kpp\/wp-json\/wp\/v2\/media?parent=2576"}],"curies":[{"name":"wp","href":"https:\/\/api.w.org\/{rel}","templated":true}]}}