
{"id":2206,"date":"2023-07-11T10:13:05","date_gmt":"2023-07-11T08:13:05","guid":{"rendered":"https:\/\/ippa.uek.krakow.pl\/kpp\/?page_id=2206"},"modified":"2026-01-20T13:35:01","modified_gmt":"2026-01-20T12:35:01","slug":"opiekunowie-roku","status":"publish","type":"page","link":"https:\/\/ippa.uek.krakow.pl\/kpp\/studenci\/opiekunowie-roku\/","title":{"rendered":"Opiekunowie roku"},"content":{"rendered":"\t\t<div data-elementor-type=\"wp-page\" data-elementor-id=\"2206\" class=\"elementor elementor-2206\">\n\t\t\t\t\t\t<section data-particle_enable=\"false\" data-particle-mobile-disabled=\"false\" class=\"elementor-section elementor-top-section elementor-element elementor-element-4ca67fb elementor-section-boxed elementor-section-height-default elementor-section-height-default\" data-id=\"4ca67fb\" data-element_type=\"section\" data-settings=\"{&quot;jet_parallax_layout_list&quot;:[]}\">\n\t\t\t\t\t\t<div class=\"elementor-container elementor-column-gap-default\">\n\t\t\t\t\t<div class=\"elementor-column elementor-col-100 elementor-top-column elementor-element elementor-element-22e0d310\" data-id=\"22e0d310\" data-element_type=\"column\">\n\t\t\t<div class=\"elementor-widget-wrap elementor-element-populated\">\n\t\t\t\t\t\t<div class=\"elementor-element elementor-element-27706e0c elementor-widget-divider--view-line elementor-invisible elementor-widget elementor-widget-divider\" data-id=\"27706e0c\" data-element_type=\"widget\" data-settings=\"{&quot;_animation&quot;:&quot;fadeInLeft&quot;}\" data-widget_type=\"divider.default\">\n\t\t\t\t<div class=\"elementor-widget-container\">\n\t\t\t\t\t<div class=\"elementor-divider\">\n\t\t\t<span class=\"elementor-divider-separator\">\n\t\t\t\t\t\t<\/span>\n\t\t<\/div>\n\t\t\t\t<\/div>\n\t\t\t\t<\/div>\n\t\t\t\t<div class=\"elementor-element elementor-element-64fa2182 elementor-widget elementor-widget-text-editor\" data-id=\"64fa2182\" data-element_type=\"widget\" data-widget_type=\"text-editor.default\">\n\t\t\t\t<div class=\"elementor-widget-container\">\n\t\t\t\t\t\t\t<p>Opiekunami poszczeg\u00f3lnych rocznik\u00f3w na Kierunku GAP s\u0105 (rok akademicki 2025\/2026):<\/p><p><strong>\u00a0I stopie\u0144\u00a0<\/strong><\/p><p>1 rok \u2013 dr Maciej Fr\u0105czek<\/p><p>2 rok \u2013 dr hab. Micha\u0142 Kud\u0142acz, prof. UEK<\/p><p>3 rok \u2013 mgr Anna Gomola<\/p><p><strong>\u00a0II stopie\u0144\u00a0<\/strong><\/p><p>\u00a01 rok \u2013 dr Tomasz Geodecki<\/p><p>\u00a0<\/p>\t\t\t\t\t\t<\/div>\n\t\t\t\t<\/div>\n\t\t\t\t\t<\/div>\n\t\t<\/div>\n\t\t\t\t\t<\/div>\n\t\t<\/section>\n\t\t\t\t<\/div>\n\t\t","protected":false},"excerpt":{"rendered":"<p>Opiekunami poszczeg\u00f3lnych rocznik\u00f3w na Kierunku GAP s\u0105 (rok akademicki 2025\/2026): \u00a0I stopie\u0144\u00a0 1 rok \u2013 dr Maciej Fr\u0105czek 2 rok \u2013 dr hab. Micha\u0142 Kud\u0142acz, prof. UEK 3 rok \u2013 mgr Anna Gomola \u00a0II stopie\u0144\u00a0 \u00a01 rok \u2013 dr Tomasz Geodecki \u00a0<\/p>\n","protected":false},"author":2,"featured_media":0,"parent":336,"menu_order":0,"comment_status":"closed","ping_status":"closed","template":"elementor_header_footer","meta":{"footnotes":""},"class_list":["post-2206","page","type-page","status-publish","hentry"],"_links":{"self":[{"href":"https:\/\/ippa.uek.krakow.pl\/kpp\/wp-json\/wp\/v2\/pages\/2206"}],"collection":[{"href":"https:\/\/ippa.uek.krakow.pl\/kpp\/wp-json\/wp\/v2\/pages"}],"about":[{"href":"https:\/\/ippa.uek.krakow.pl\/kpp\/wp-json\/wp\/v2\/types\/page"}],"author":[{"embeddable":true,"href":"https:\/\/ippa.uek.krakow.pl\/kpp\/wp-json\/wp\/v2\/users\/2"}],"replies":[{"embeddable":true,"href":"https:\/\/ippa.uek.krakow.pl\/kpp\/wp-json\/wp\/v2\/comments?post=2206"}],"version-history":[{"count":28,"href":"https:\/\/ippa.uek.krakow.pl\/kpp\/wp-json\/wp\/v2\/pages\/2206\/revisions"}],"predecessor-version":[{"id":3588,"href":"https:\/\/ippa.uek.krakow.pl\/kpp\/wp-json\/wp\/v2\/pages\/2206\/revisions\/3588"}],"up":[{"embeddable":true,"href":"https:\/\/ippa.uek.krakow.pl\/kpp\/wp-json\/wp\/v2\/pages\/336"}],"wp:attachment":[{"href":"https:\/\/ippa.uek.krakow.pl\/kpp\/wp-json\/wp\/v2\/media?parent=2206"}],"curies":[{"name":"wp","href":"https:\/\/api.w.org\/{rel}","templated":true}]}}