
{"id":965,"date":"2023-02-25T23:59:30","date_gmt":"2023-02-25T22:59:30","guid":{"rendered":"https:\/\/ie.uek.krakow.pl\/szablon\/?page_id=965"},"modified":"2023-10-08T21:26:00","modified_gmt":"2023-10-08T19:26:00","slug":"employees","status":"publish","type":"page","link":"https:\/\/ippa.uek.krakow.pl\/kgp\/en\/employees\/","title":{"rendered":"Employees"},"content":{"rendered":"\t\t<div data-elementor-type=\"wp-page\" data-elementor-id=\"965\" class=\"elementor elementor-965\">\n\t\t\t\t\t\t<section data-particle_enable=\"false\" data-particle-mobile-disabled=\"false\" class=\"elementor-section elementor-top-section elementor-element elementor-element-be20bad elementor-section-boxed elementor-section-height-default elementor-section-height-default\" data-id=\"be20bad\" data-element_type=\"section\" data-settings=\"{&quot;jet_parallax_layout_list&quot;:[]}\">\n\t\t\t\t\t\t<div class=\"elementor-container elementor-column-gap-default\">\n\t\t\t\t\t<div class=\"elementor-column elementor-col-100 elementor-top-column elementor-element elementor-element-c099fef\" data-id=\"c099fef\" data-element_type=\"column\">\n\t\t\t<div class=\"elementor-widget-wrap elementor-element-populated\">\n\t\t\t\t\t\t<div class=\"elementor-element elementor-element-923f8d4 elementor-widget elementor-widget-heading\" data-id=\"923f8d4\" data-element_type=\"widget\" id=\"kpii\" data-widget_type=\"heading.default\">\n\t\t\t\t<div class=\"elementor-widget-container\">\n\t\t\t<h2 class=\"elementor-heading-title elementor-size-default\">Department<\/h2>\t\t<\/div>\n\t\t\t\t<\/div>\n\t\t\t\t<section data-particle_enable=\"false\" data-particle-mobile-disabled=\"false\" class=\"elementor-section elementor-inner-section elementor-element elementor-element-4f9f836 elementor-section-boxed elementor-section-height-default elementor-section-height-default\" data-id=\"4f9f836\" data-element_type=\"section\" data-settings=\"{&quot;jet_parallax_layout_list&quot;:[],&quot;background_background&quot;:&quot;classic&quot;,&quot;shape_divider_bottom&quot;:&quot;arrow&quot;,&quot;shape_divider_bottom_negative&quot;:&quot;yes&quot;}\">\n\t\t\t\t\t<div class=\"elementor-shape elementor-shape-bottom\" data-negative=\"true\">\n\t\t\t<svg xmlns=\"http:\/\/www.w3.org\/2000\/svg\" viewBox=\"0 0 700 10\" preserveAspectRatio=\"none\">\n\t<path class=\"elementor-shape-fill\" d=\"M360 0L350 9.9 340 0 0 0 0 10 700 10 700 0\"\/>\n<\/svg>\t\t<\/div>\n\t\t\t\t\t<div class=\"elementor-container elementor-column-gap-default\">\n\t\t\t\t\t<div class=\"elementor-column elementor-col-50 elementor-inner-column elementor-element elementor-element-7a9c1ea\" data-id=\"7a9c1ea\" data-element_type=\"column\">\n\t\t\t<div class=\"elementor-widget-wrap elementor-element-populated\">\n\t\t\t\t\t\t<div class=\"elementor-element elementor-element-6239586 elementor-widget elementor-widget-heading\" data-id=\"6239586\" data-element_type=\"widget\" data-widget_type=\"heading.default\">\n\t\t\t\t<div class=\"elementor-widget-container\">\n\t\t\t<h4 class=\"elementor-heading-title elementor-size-default\">Head of Department<\/h4>\t\t<\/div>\n\t\t\t\t<\/div>\n\t\t\t\t\t<\/div>\n\t\t<\/div>\n\t\t\t\t<div class=\"elementor-column elementor-col-50 elementor-inner-column elementor-element elementor-element-d1d5d6a\" data-id=\"d1d5d6a\" data-element_type=\"column\">\n\t\t\t<div class=\"elementor-widget-wrap elementor-element-populated\">\n\t\t\t\t\t\t<div class=\"elementor-element elementor-element-a114a1c elementor-widget elementor-widget-eael-post-list\" data-id=\"a114a1c\" data-element_type=\"widget\" data-widget_type=\"eael-post-list.default\">\n\t\t\t\t<div class=\"elementor-widget-container\">\n\t\t\t<div class=\"eael-post-list-container default layout-default\"><div class=\"eael-post-list-wrap\"><div class=\"eael-post-list-posts-wrap eael-post-appender eael-post-appender-a114a1c\"><div class=\"eael-post-list-post \"><div class=\"eael-post-list-thumbnail \"><a href=\"https:\/\/ippa.uek.krakow.pl\/kgp\/en\/pracownicy\/elementor-1880\/\">\n                            <img decoding=\"async\" src=\"https:\/\/ippa.uek.krakow.pl\/kgp\/wp-content\/uploads\/sites\/3\/2023\/02\/Lukasz_06_2023.png\" alt=\"\">\n                        <\/a><\/div><div class=\"eael-post-list-content\"><h2 class=\"eael-post-list-title\"><a href=\"https:\/\/ippa.uek.krakow.pl\/kgp\/en\/pracownicy\/elementor-1880\/\" >Prof. Dr Habil. \u0141ukasz Mamica<\/a><\/h2><\/div><\/div><\/div><\/div>\n\t\t<\/div>\t\t<\/div>\n\t\t\t\t<\/div>\n\t\t\t\t\t<\/div>\n\t\t<\/div>\n\t\t\t\t\t<\/div>\n\t\t<\/section>\n\t\t\t\t<div class=\"elementor-element elementor-element-3b905d0 elementor-widget elementor-widget-eael-post-list\" data-id=\"3b905d0\" data-element_type=\"widget\" data-widget_type=\"eael-post-list.default\">\n\t\t\t\t<div class=\"elementor-widget-container\">\n\t\t\t<div class=\"eael-post-list-container default layout-default\"><div class=\"eael-post-list-wrap\"><div class=\"eael-post-list-posts-wrap eael-post-appender eael-post-appender-3b905d0\"><div class=\"eael-post-list-post \"><div class=\"eael-post-list-thumbnail \"><a href=\"https:\/\/ippa.uek.krakow.pl\/kgp\/en\/pracownicy\/elementor-1880\/dr-katarzyna-baran\/\">\n                            <img decoding=\"async\" src=\"https:\/\/ippa.uek.krakow.pl\/kgp\/wp-content\/uploads\/sites\/3\/2024\/09\/DSC_3623-1-scaled.jpg\" alt=\"\">\n                        <\/a><\/div><div class=\"eael-post-list-content\"><h2 class=\"eael-post-list-title\"><a href=\"https:\/\/ippa.uek.krakow.pl\/kgp\/en\/pracownicy\/elementor-1880\/dr-katarzyna-baran\/\" >dr Katarzyna Baran<\/a><\/h2><\/div><\/div><div class=\"eael-post-list-post \"><div class=\"eael-post-list-thumbnail \"><a href=\"https:\/\/ippa.uek.krakow.pl\/kgp\/en\/pracownicy\/elementor-1880\/dr-marek-oramus-copy\/\">\n                            <img decoding=\"async\" src=\"https:\/\/ippa.uek.krakow.pl\/kgp\/wp-content\/uploads\/sites\/3\/2024\/09\/Oramus_2021web.png\" alt=\"\">\n                        <\/a><\/div><div class=\"eael-post-list-content\"><h2 class=\"eael-post-list-title\"><a href=\"https:\/\/ippa.uek.krakow.pl\/kgp\/en\/pracownicy\/elementor-1880\/dr-marek-oramus-copy\/\" >dr Marek Oramus<\/a><\/h2><\/div><\/div><div class=\"eael-post-list-post \"><div class=\"eael-post-list-thumbnail \"><a href=\"https:\/\/ippa.uek.krakow.pl\/kgp\/en\/pracownicy\/elementor-1880\/dr-pawel-bialynicki-birula\/\">\n                            <img decoding=\"async\" src=\"https:\/\/ippa.uek.krakow.pl\/kgp\/wp-content\/uploads\/sites\/3\/2023\/04\/birula-pawel.png\" alt=\"\">\n                        <\/a><\/div><div class=\"eael-post-list-content\"><h2 class=\"eael-post-list-title\"><a href=\"https:\/\/ippa.uek.krakow.pl\/kgp\/en\/pracownicy\/elementor-1880\/dr-pawel-bialynicki-birula\/\" >Dr\u00a0Pawe\u0142 Bia\u0142ynicki-Birula<\/a><\/h2><\/div><\/div><div class=\"eael-post-list-post \"><div class=\"eael-post-list-thumbnail \"><a href=\"https:\/\/ippa.uek.krakow.pl\/kgp\/en\/pracownicy\/dr-jakub-glowacki\/\">\n                            <img decoding=\"async\" src=\"https:\/\/ippa.uek.krakow.pl\/kgp\/wp-content\/uploads\/sites\/3\/2023\/02\/glowacki-kuba.png\" alt=\"\">\n                        <\/a><\/div><div class=\"eael-post-list-content\"><h2 class=\"eael-post-list-title\"><a href=\"https:\/\/ippa.uek.krakow.pl\/kgp\/en\/pracownicy\/dr-jakub-glowacki\/\" >Dr Jakub G\u0142owacki<\/a><\/h2><\/div><\/div><div class=\"eael-post-list-post \"><div class=\"eael-post-list-thumbnail \"><a href=\"https:\/\/ippa.uek.krakow.pl\/kgp\/en\/pracownicy\/elementor-1880\/dr-krzysztof-gluc\/\">\n                            <img decoding=\"async\" src=\"https:\/\/ippa.uek.krakow.pl\/kgp\/wp-content\/uploads\/sites\/3\/2023\/05\/5I7A3319-scaled.jpg\" alt=\"\">\n                        <\/a><\/div><div class=\"eael-post-list-content\"><h2 class=\"eael-post-list-title\"><a href=\"https:\/\/ippa.uek.krakow.pl\/kgp\/en\/pracownicy\/elementor-1880\/dr-krzysztof-gluc\/\" >Dr Krzysztof G\u0142uc<\/a><\/h2><\/div><\/div><div class=\"eael-post-list-post \"><div class=\"eael-post-list-thumbnail \"><a href=\"https:\/\/ippa.uek.krakow.pl\/kgp\/en\/pracownicy\/dr-piotr-kopycinski-2\/\">\n                            <img decoding=\"async\" src=\"https:\/\/ippa.uek.krakow.pl\/kgp\/wp-content\/uploads\/sites\/3\/2023\/04\/Piotr-Kopycinski.jpg\" alt=\"\">\n                        <\/a><\/div><div class=\"eael-post-list-content\"><h2 class=\"eael-post-list-title\"><a href=\"https:\/\/ippa.uek.krakow.pl\/kgp\/en\/pracownicy\/dr-piotr-kopycinski-2\/\" >dr Piotr Kopyci\u0144ski<\/a><\/h2><\/div><\/div><div class=\"eael-post-list-post \"><div class=\"eael-post-list-thumbnail \"><a href=\"https:\/\/ippa.uek.krakow.pl\/kgp\/en\/pracownicy\/elementor-1880\/dr-monika-mazur-bubak\/\">\n                            <img decoding=\"async\" src=\"https:\/\/ippa.uek.krakow.pl\/kgp\/wp-content\/uploads\/sites\/3\/2023\/04\/monika.png\" alt=\"\">\n                        <\/a><\/div><div class=\"eael-post-list-content\"><h2 class=\"eael-post-list-title\"><a href=\"https:\/\/ippa.uek.krakow.pl\/kgp\/en\/pracownicy\/elementor-1880\/dr-monika-mazur-bubak\/\" >Dr Monika Mazur \u2013 Bubak<\/a><\/h2><\/div><\/div><div class=\"eael-post-list-post \"><div class=\"eael-post-list-thumbnail \"><a href=\"https:\/\/ippa.uek.krakow.pl\/kgp\/en\/pracownicy\/elementor-1880\/ma-michal-krol\/\">\n                            <img decoding=\"async\" src=\"https:\/\/ippa.uek.krakow.pl\/kgp\/wp-content\/uploads\/sites\/3\/2023\/04\/krol-michal.png\" alt=\"\">\n                        <\/a><\/div><div class=\"eael-post-list-content\"><h2 class=\"eael-post-list-title\"><a href=\"https:\/\/ippa.uek.krakow.pl\/kgp\/en\/pracownicy\/elementor-1880\/ma-michal-krol\/\" >MA Micha\u0142 Kr\u00f3l<\/a><\/h2><\/div><\/div><div class=\"eael-post-list-post \"><div class=\"eael-post-list-thumbnail \"><a href=\"https:\/\/ippa.uek.krakow.pl\/kgp\/en\/pracownicy\/elementor-1880\/ma-anna-gomola\/\">\n                            <img decoding=\"async\" src=\"https:\/\/ippa.uek.krakow.pl\/kgp\/wp-content\/uploads\/sites\/3\/2023\/04\/gomola-anna.png\" alt=\"\">\n                        <\/a><\/div><div class=\"eael-post-list-content\"><h2 class=\"eael-post-list-title\"><a href=\"https:\/\/ippa.uek.krakow.pl\/kgp\/en\/pracownicy\/elementor-1880\/ma-anna-gomola\/\" >Ma Anna Gomola<\/a><\/h2><\/div><\/div><div class=\"eael-post-list-post \"><div class=\"eael-post-list-thumbnail \"><a href=\"https:\/\/ippa.uek.krakow.pl\/kgp\/en\/pracownicy\/elementor-1880\/mgr-michal-krol-copy\/\">\n                            <img decoding=\"async\" src=\"https:\/\/ippa.uek.krakow.pl\/kgp\/wp-content\/uploads\/sites\/3\/2024\/01\/DSC_8720-scaled.jpg\" alt=\"\">\n                        <\/a><\/div><div class=\"eael-post-list-content\"><h2 class=\"eael-post-list-title\"><a href=\"https:\/\/ippa.uek.krakow.pl\/kgp\/en\/pracownicy\/elementor-1880\/mgr-michal-krol-copy\/\" >Ma Agnieszka Bogunia<\/a><\/h2><\/div><\/div><\/div><\/div>\n\t\t<\/div>\t\t<\/div>\n\t\t\t\t<\/div>\n\t\t\t\t\t<\/div>\n\t\t<\/div>\n\t\t\t\t\t<\/div>\n\t\t<\/section>\n\t\t\t\t<\/div>\n\t\t","protected":false},"excerpt":{"rendered":"<p>\/*! elementor &#8211; v3.16.0 &#8211; 20-09-2023 *\/ .elementor-heading-title{padding:0;margin:0;line-height:1}.elementor-widget-heading .elementor-heading-title[class*=elementor-size-]&gt;a{color:inherit;font-size:inherit;line-height:inherit}.elementor-widget-heading .elementor-heading-title.elementor-size-small{font-size:15px}.elementor-widget-heading .elementor-heading-title.elementor-size-medium{font-size:19px}.elementor-widget-heading .elementor-heading-title.elementor-size-large{font-size:29px}.elementor-widget-heading .elementor-heading-title.elementor-size-xl{font-size:39px}.elementor-widget-heading .elementor-heading-title.elementor-size-xxl{font-size:59px} Department Head of Department Prof. Dr Habil. \u0141ukasz Mamica Dr\u00a0Pawe\u0142 Bia\u0142ynicki-Birula Dr Jakub G\u0142owacki Employee 2<\/p>\n","protected":false},"author":1,"featured_media":0,"parent":0,"menu_order":0,"comment_status":"closed","ping_status":"closed","template":"elementor_header_footer","meta":{"footnotes":""},"class_list":["post-965","page","type-page","status-publish","hentry"],"_links":{"self":[{"href":"https:\/\/ippa.uek.krakow.pl\/kgp\/wp-json\/wp\/v2\/pages\/965"}],"collection":[{"href":"https:\/\/ippa.uek.krakow.pl\/kgp\/wp-json\/wp\/v2\/pages"}],"about":[{"href":"https:\/\/ippa.uek.krakow.pl\/kgp\/wp-json\/wp\/v2\/types\/page"}],"author":[{"embeddable":true,"href":"https:\/\/ippa.uek.krakow.pl\/kgp\/wp-json\/wp\/v2\/users\/1"}],"replies":[{"embeddable":true,"href":"https:\/\/ippa.uek.krakow.pl\/kgp\/wp-json\/wp\/v2\/comments?post=965"}],"version-history":[{"count":6,"href":"https:\/\/ippa.uek.krakow.pl\/kgp\/wp-json\/wp\/v2\/pages\/965\/revisions"}],"predecessor-version":[{"id":1983,"href":"https:\/\/ippa.uek.krakow.pl\/kgp\/wp-json\/wp\/v2\/pages\/965\/revisions\/1983"}],"wp:attachment":[{"href":"https:\/\/ippa.uek.krakow.pl\/kgp\/wp-json\/wp\/v2\/media?parent=965"}],"curies":[{"name":"wp","href":"https:\/\/api.w.org\/{rel}","templated":true}]}}